{"id":213,"date":"2015-05-24T21:02:03","date_gmt":"2015-05-24T21:02:03","guid":{"rendered":"http:\/\/www.kazun.eu\/theme015\/?page_id=213"},"modified":"2022-08-07T11:16:32","modified_gmt":"2022-08-07T11:16:32","slug":"endless","status":"publish","type":"page","link":"https:\/\/www.kazun.eu\/theme015\/","title":{"rendered":"endless"},"content":{"rendered":"<p>[vc_row full_content_width=&#8221;row-inner-full&#8221; top=&#8221;0px&#8221; bottom=&#8221;0px&#8221;][vc_column][rev_slider_vc alias=&#8221;full_width&#8221;][\/vc_column][\/vc_row][vc_row full_content_width=&#8221;row-inner-full&#8221; bg_cover=&#8221;cover&#8221; bg_repeat=&#8221;no-repeat&#8221; bg_attachment=&#8221;fixed&#8221; top=&#8221;0px&#8221; bottom=&#8221;0px&#8221; row_show_on=&#8221;hide_on_normal_screen,hide_tablet_landscape,hide_tablet_portrait,hide_mobile_landscape,hide_mobile_portrait&#8221; bg_image=&#8221;8012&#8243;][vc_column width=&#8221;1\/2&#8243;][vc_spacer size=&#8221;750px&#8221;][\/vc_column][vc_column width=&#8221;1\/2&#8243;][vc_spacer size=&#8221;100px&#8221;][vc_custom_heading text=&#8221;concept, 3D, vfx, compositing, animation, eLearning, software training&#8221; font_container=&#8221;tag:h2|font_size:48|text_align:left|color:%23e0e0e0&#8243; google_fonts=&#8221;font_family:Roboto%3A100%2C100italic%2C300%2C300italic%2Cregular%2Citalic%2C500%2C500italic%2C700%2C700italic%2C900%2C900italic|font_style:100%20light%20regular%3A100%3Anormal&#8221; css=&#8221;.vc_custom_1593807331907{margin-top: 350px !important;margin-right: 45px !important;margin-bottom: 25px !important;padding-top: 25px !important;padding-right: 25px !important;padding-bottom: 25px !important;padding-left: 25px !important;background-color: rgba(0,0,0,0.42) !important;*background-color: rgb(0,0,0) !important;}&#8221;][\/vc_column][\/vc_row][vc_row full_content_width=&#8221;row-inner-full&#8221; top=&#8221;0px&#8221; bottom=&#8221;0px&#8221;][vc_column css=&#8221;.vc_custom_1433247714973{background-color: rgba(0,0,0,0.65) !important;*background-color: rgb(0,0,0) !important;}&#8221;][vc_section_menu bg_color_sticked=&#8221;rgba(30,30,30,0.95)&#8221; link_color_sticked=&#8221;#ffffff&#8221;][vc_section_menu_item link_text=&#8221;reel&#8221; section_id=&#8221;reel_id&#8221; title=&#8221;Section&#8221;][vc_section_menu_item link_text=&#8221;motion&#8221; section_id=&#8221;motion_id&#8221; title=&#8221;Section&#8221;][vc_section_menu_item link_text=&#8221;skills&#8221; section_id=&#8221;skills_id&#8221; title=&#8221;Section&#8221;][vc_section_menu_item link_text=&#8221;ego&#8221; section_id=&#8221;ego_id&#8221; title=&#8221;Section&#8221;][vc_section_menu_item link_text=&#8221;contact&#8221; section_id=&#8221;contact_id&#8221; title=&#8221;Section&#8221;][\/vc_section_menu][\/vc_column][\/vc_row][vc_row bg_color=&#8221;#565656&#8243; section_id=&#8221;reel_id&#8221; font_color=&#8221;#cecece&#8221;][vc_column][vc_custom_heading text=&#8221;production reel&#8221; font_container=&#8221;tag:h2|text_align:left|color:%23cecece&#8221; google_fonts=&#8221;font_family:Roboto%3A100%2C100italic%2C300%2C300italic%2Cregular%2Citalic%2C500%2C500italic%2C700%2C700italic%2C900%2C900italic|font_style:100%20light%20regular%3A100%3Anormal&#8221; css=&#8221;.vc_custom_1593779279679{border-left-width: 1px !important;background-position: center !important;background-repeat: no-repeat !important;background-size: cover !important;}&#8221; el_class=&#8221;ueberschrift&#8221;][vc_toggle title=&#8221;concept, motion graphics, vfx, compositing&#8221; style=&#8221;arrow&#8221; open=&#8221;true&#8221; css_animation=&#8221;appear&#8221;]\t\t\r\n\t\t<!-- Begin Video.js Responsive Wrapper -->\r\n\t\t<div style='max-width:768px'>\r\n\t\t\t<div class='video-wrapper' style='padding-bottom:56.7708333333%;'>\r\n\t\t\t\t\r\n\t<!-- Begin Video.js -->\r\n\t<video id=\"example_video_id_550836038\" class=\"video-js vjs-default-skin\" width=\"768\" height=\"436\" poster=\"https:\/\/www.kazun.eu\/motion\/production_reel_posterimage.jpg\" controls preload=\"auto\" data-setup='[]'>\r\n\t\t<source src=\"https:\/\/www.kazun.eu\/motion\/production_reel.mp4\" type='video\/mp4' \/>\r\n\t\t\r\n\t\t\r\n\t<\/video>\r\n\t<!-- End Video.js -->\r\n\r\n\t\t\t<\/div>\r\n\t\t<\/div>\r\n\t\t<!-- End Video.js Responsive Wrapper -->\r\n\t\t[\/vc_toggle][vc_custom_heading text=&#8221;art reel&#8221; font_container=&#8221;tag:h2|text_align:left|color:%23cecece&#8221; google_fonts=&#8221;font_family:Roboto%3A100%2C100italic%2C300%2C300italic%2Cregular%2Citalic%2C500%2C500italic%2C700%2C700italic%2C900%2C900italic|font_style:100%20light%20regular%3A100%3Anormal&#8221; css=&#8221;.vc_custom_1593779390824{border-left-width: 1px !important;background-position: center !important;background-repeat: no-repeat !important;background-size: cover !important;}&#8221; el_class=&#8221;ueberschrift&#8221;][vc_toggle title=&#8221;concept, motion graphics, vfx, compositing&#8221; style=&#8221;arrow&#8221; css_animation=&#8221;appear&#8221; el_id=&#8221;1432736264869-ace23497-14df&#8221;]\t\t\r\n\t\t<!-- Begin Video.js Responsive Wrapper -->\r\n\t\t<div style='max-width:768px'>\r\n\t\t\t<div class='video-wrapper' style='padding-bottom:56.7708333333%;'>\r\n\t\t\t\t\r\n\t<!-- Begin Video.js -->\r\n\t<video id=\"example_video_id_196899115\" class=\"video-js vjs-default-skin\" width=\"768\" height=\"436\" poster=\"https:\/\/www.kazun.eu\/motion\/schneefeld.jpg\" controls preload=\"auto\" data-setup='[]'>\r\n\t\t<source src=\"https:\/\/www.kazun.eu\/motion\/showreel.mp4\" type='video\/mp4' \/>\r\n\t\t\r\n\t\t\r\n\t<\/video>\r\n\t<!-- End Video.js -->\r\n\r\n\t\t\t<\/div>\r\n\t\t<\/div>\r\n\t\t<!-- End Video.js Responsive Wrapper -->\r\n\t\t[\/vc_toggle][\/vc_column][\/vc_row][vc_row bg_color=&#8221;#5b5b5b&#8221; section_id=&#8221;motion_id&#8221;][vc_column][vc_custom_heading text=&#8221;motion&#8221; google_fonts=&#8221;font_family:Roboto%3A100%2C100italic%2C300%2C300italic%2Cregular%2Citalic%2C500%2C500italic%2C700%2C700italic%2C900%2C900italic|font_style:100%20light%20regular%3A100%3Anormal&#8221; el_class=&#8221;ueberschrift&#8221;][vc_toggle title=&#8221;storming the walls&#8221; css_animation=&#8221;appear&#8221; el_id=&#8221;1432585453737-3266b407-c4bf&#8221;]\t\t\r\n\t\t<!-- Begin Video.js Responsive Wrapper -->\r\n\t\t<div style='max-width:960px'>\r\n\t\t\t<div class='video-wrapper' style='padding-bottom:36.25%;'>\r\n\t\t\t\t\r\n\t<!-- Begin Video.js -->\r\n\t<video id=\"example_video_id_1971327593\" class=\"video-js vjs-default-skin\" width=\"960\" height=\"348\" poster=\"https:\/\/www.kazun.eu\/static\/wald0242.jpg\" controls preload=\"auto\" data-setup='[]'>\r\n\t\t<source src=\"https:\/\/www.kazun.eu\/motion\/storming_the_walls\/storming_the_walls.mp4\" type='video\/mp4' \/>\r\n\t\t\r\n\t\t\r\n\t<\/video>\r\n\t<!-- End Video.js -->\r\n\r\n\t\t\t<\/div>\r\n\t\t<\/div>\r\n\t\t<!-- End Video.js Responsive Wrapper -->\r\n\t\t[\/vc_toggle][vc_toggle title=&#8221;matryoshka&#8221; css_animation=&#8221;appear&#8221; el_id=&#8221;1432585617642-895cd91e-d5a7&#8243;]\t\t\r\n\t\t<!-- Begin Video.js Responsive Wrapper -->\r\n\t\t<div style='max-width:788px'>\r\n\t\t\t<div class='video-wrapper' style='padding-bottom:42.6395939086%;'>\r\n\t\t\t\t\r\n\t<!-- Begin Video.js -->\r\n\t<video id=\"example_video_id_1689973845\" class=\"video-js vjs-default-skin\" width=\"788\" height=\"336\" poster=\"https:\/\/www.kazun.eu\/motion\/matryoshka_by_art_kazun.jpg\" controls preload=\"auto\" data-setup='[]'>\r\n\t\t<source src=\"https:\/\/www.kazun.eu\/motion\/matryoshka_by_art_kazun.mp4\" type='video\/mp4' \/>\r\n\t\t\r\n\t\t\r\n\t<\/video>\r\n\t<!-- End Video.js -->\r\n\r\n\t\t\t<\/div>\r\n\t\t<\/div>\r\n\t\t<!-- End Video.js Responsive Wrapper -->\r\n\t\t[\/vc_toggle][vc_toggle title=&#8221;my lonely friend&#8221; css_animation=&#8221;appear&#8221; el_id=&#8221;1432585841957-d8623e67-b382&#8243;]\t\t\r\n\t\t<!-- Begin Video.js Responsive Wrapper -->\r\n\t\t<div style='max-width:768px'>\r\n\t\t\t<div class='video-wrapper' style='padding-bottom:48.6979166667%;'>\r\n\t\t\t\t\r\n\t<!-- Begin Video.js -->\r\n\t<video id=\"example_video_id_1752614035\" class=\"video-js vjs-default-skin\" width=\"768\" height=\"374\" poster=\"https:\/\/www.kazun.eu\/motion\/my_lonely_friend.jpg\" controls preload=\"auto\" data-setup='[]'>\r\n\t\t<source src=\"https:\/\/www.kazun.eu\/motion\/my_lonely_friend_by_art_kazun.mp4\" type='video\/mp4' \/>\r\n\t\t\r\n\t\t\r\n\t<\/video>\r\n\t<!-- End Video.js -->\r\n\r\n\t\t\t<\/div>\r\n\t\t<\/div>\r\n\t\t<!-- End Video.js Responsive Wrapper -->\r\n\t\t[\/vc_toggle][vc_toggle title=&#8221;quintessenz&#8221; css_animation=&#8221;appear&#8221; el_id=&#8221;1432671071731-e987c9d7-c6fe&#8221;]\t\t\r\n\t\t<!-- Begin Video.js Responsive Wrapper -->\r\n\t\t<div style='max-width:768px'>\r\n\t\t\t<div class='video-wrapper' style='padding-bottom:57.5520833333%;'>\r\n\t\t\t\t\r\n\t<!-- Begin Video.js -->\r\n\t<video id=\"example_video_id_2082152777\" class=\"video-js vjs-default-skin\" width=\"768\" height=\"442\" poster=\"https:\/\/www.kazun.eu\/motion\/mainfranken768x442.jpg\" controls preload=\"auto\" data-setup='[]'>\r\n\t\t<source src=\"https:\/\/www.kazun.eu\/motion\/mainfranken.mp4\" type='video\/mp4' \/>\r\n\t\t\r\n\t\t\r\n\t<\/video>\r\n\t<!-- End Video.js -->\r\n\r\n\t\t\t<\/div>\r\n\t\t<\/div>\r\n\t\t<!-- End Video.js Responsive Wrapper -->\r\n\t\t[\/vc_toggle][\/vc_column][\/vc_row][vc_row section_id=&#8221;skills_id&#8221; bg_color=&#8221;#383838&#8243;][vc_column][vc_custom_heading text=&#8221;skills&#8221; google_fonts=&#8221;font_family:Roboto%3A100%2C100italic%2C300%2C300italic%2Cregular%2Citalic%2C500%2C500italic%2C700%2C700italic%2C900%2C900italic|font_style:100%20light%20regular%3A100%3Anormal&#8221; el_class=&#8221;ueberschrift&#8221;][vc_progress_bar values=&#8221;100|software training. from 2011 until today,100|compositing &amp; motion graphics: After Effects. Nuke. Photoshop,90|3D: Maya. Blender. xStream Vue,70|graphic design &amp; print: Illustrator. InDesign,82|editing: Premiere. Avid,95|web design &amp; development: HTML5. JavaScript. CSS3&#8243; el_class=&#8221;custom_css_progress_bar&#8221;][\/vc_column][\/vc_row][vc_row section_id=&#8221;ego_id&#8221; bg_color=&#8221;#3d3d3d&#8221;][vc_column][vc_custom_heading text=&#8221;ego&#8221; google_fonts=&#8221;font_family:Roboto%3A100%2C100italic%2C300%2C300italic%2Cregular%2Citalic%2C500%2C500italic%2C700%2C700italic%2C900%2C900italic|font_style:100%20light%20regular%3A100%3Anormal&#8221; el_class=&#8221;ueberschrift&#8221;][vc_toggle title=&#8221;.&#8221; style=&#8221;arrow&#8221; open=&#8221;true&#8221; css_animation=&#8221;appear&#8221;][vc_single_image image=&#8221;8085&#8243; border_color=&#8221;grey&#8221; img_link_large=&#8221;yes&#8221; img_link_target=&#8221;_blank&#8221; css_animation=&#8221;appear&#8221; img_size=&#8221;full&#8221; style=&#8221;vc_box_shadow_3d&#8221;][\/vc_toggle][\/vc_column][\/vc_row][vc_row section_id=&#8221;contact_id&#8221; bg_color=&#8221;#333333&#8243;][vc_column][vc_custom_heading text=&#8221;contact&#8221; google_fonts=&#8221;font_family:Roboto%3A100%2C100italic%2C300%2C300italic%2Cregular%2Citalic%2C500%2C500italic%2C700%2C700italic%2C900%2C900italic|font_style:100%20light%20regular%3A100%3Anormal&#8221; el_class=&#8221;ueberschrift&#8221;][vc_column_text css_animation=&#8221;appear&#8221;]<\/p>\n<p class=\"QHTML clip\">Tel: +49.69.90.752.018\u00a0 Frankfurt, Germany<\/p>\n<p>[\/vc_column_text]<div role=\"form\" class=\"wpcf7\" id=\"wpcf7-f755-o1\" lang=\"en-US\" dir=\"ltr\">\n<div class=\"screen-reader-response\"><p role=\"status\" aria-live=\"polite\" aria-atomic=\"true\"><\/p> <ul><\/ul><\/div>\n<form action=\"\/theme015\/wp-json\/wp\/v2\/pages\/213#wpcf7-f755-o1\" method=\"post\" class=\"wpcf7-form init\" novalidate=\"novalidate\" data-status=\"init\">\n<div style=\"display: none;\">\n<input type=\"hidden\" name=\"_wpcf7\" value=\"755\" \/>\n<input type=\"hidden\" name=\"_wpcf7_version\" value=\"5.6.1\" \/>\n<input type=\"hidden\" name=\"_wpcf7_locale\" value=\"en_US\" \/>\n<input type=\"hidden\" name=\"_wpcf7_unit_tag\" value=\"wpcf7-f755-o1\" \/>\n<input type=\"hidden\" name=\"_wpcf7_container_post\" value=\"0\" \/>\n<input type=\"hidden\" name=\"_wpcf7_posted_data_hash\" value=\"\" \/>\n<\/div>\n<p class=\"for-dark-bg\"><span class=\"wpcf7-form-control-wrap\" data-name=\"your-name\"><input type=\"text\" name=\"your-name\" value=\"\" size=\"40\" class=\"wpcf7-form-control wpcf7-text wpcf7-validates-as-required\" aria-required=\"true\" aria-invalid=\"false\" placeholder=\"Name\" \/><\/span> <\/p>\n<p class=\"for-dark-bg\"><span class=\"wpcf7-form-control-wrap\" data-name=\"your-email\"><input type=\"email\" name=\"your-email\" value=\"\" size=\"40\" class=\"wpcf7-form-control wpcf7-text wpcf7-email wpcf7-validates-as-required wpcf7-validates-as-email\" aria-required=\"true\" aria-invalid=\"false\" placeholder=\"Email\" \/><\/span> <\/p>\n<p class=\"for-dark-bg\"><span id=\"wpcf7-69f30712751d0-wrapper\" class=\"wpcf7-form-control-wrap rschotschekmjoda-992-wrap\" style=\"display:none !important; visibility:hidden !important;\"><label for=\"wpcf7-69f30712751d0-field\" class=\"hp-message\">Please leave this field empty.<\/label><input id=\"wpcf7-69f30712751d0-field\"  class=\"wpcf7-form-control wpcf7-text\" type=\"text\" name=\"rschotschekmjoda-992\" value=\"\" size=\"40\" tabindex=\"-1\" autocomplete=\"new-password\" \/><\/span> <\/p>\n<p class=\"for-dark-bg\"><span class=\"wpcf7-form-control-wrap\" data-name=\"your-message\"><textarea name=\"your-message\" cols=\"40\" rows=\"12\" class=\"wpcf7-form-control wpcf7-textarea\" aria-invalid=\"false\" placeholder=\"Message\"><\/textarea><\/span><\/p>\n<p style=\"margin-top:18px;\"><input type=\"submit\" value=\"Send message\" class=\"wpcf7-form-control has-spinner wpcf7-submit\" \/><\/p>\n<div class=\"wpcf7-response-output\" aria-hidden=\"true\"><\/div><\/form><\/div>[\/vc_column][\/vc_row][vc_row row_show_on=&#8221;hide_on_normal_screen,hide_tablet_landscape,hide_tablet_portrait,hide_mobile_landscape,hide_mobile_portrait&#8221; bg_color=&#8221;#282a2b&#8221;][vc_column width=&#8221;1\/3&#8243;][\/vc_column][vc_column width=&#8221;1\/3&#8243;][vc_raw_html]JTA5JTA5JTA5JTBBJTNDZGl2JTIwaWQlM0QlMjJ0cmlnZ2VyLW92ZXJsYXklMjIlM0UlM0NjZW50ZXIlM0UlM0Nub2JyJTNFJTNDcCUyMHN0eWxlJTNEJTIyY29sb3IlM0ElMjM0NDQ0NDQlMjIlM0UlQzIlQTklMjBhcnR1ci5rYXp1biUyMDIwMDMtMjAxOC4lMjBBbGwlMjBSaWdodHMlMjBSZXNlcnZlZC4lMDklM0NhJTIwaHJlZiUzRCUyMiUyMyUyMiUzRUltcHJlc3N1bSUzQyUyRmElM0UlM0MlMkZwJTNFJTNDJTJGbm9iciUzRSUzQyUyRmNlbnRlciUzRSUzQyUyRmRpdiUzRSUwQSUwOSUwOSUwOSUwQSUwQSUwQSUwQSUzQ2RpdiUyMGNsYXNzJTNEJTIyb3ZlcmxheSUyMG92ZXJsYXktaHVnZWluYyUyMiUzRSUwQSUwOSUwOSUwOSUzQ2J1dHRvbiUyMHR5cGUlM0QlMjJidXR0b24lMjIlMjBjbGFzcyUzRCUyMm92ZXJsYXktY2xvc2UlMjIlM0VDbG9zZSUzQyUyRmJ1dHRvbiUzRSUwQSUwOSUwOSUwOSUzQ25hdiUzRSUwQSUwOSUwOSUwOSUwOUFydHVyJTIwS2F6dW4lMjAlN0MlMjBTZW5ja2VuYmVyZ2FubGFnZSUyMDMxJTIwJTdDJTIwNjAzMjUlMjBGcmFua2Z1cnQlM0NiciUzRWZvbiUzQSUyMCUyQjQ5LjY5LjI0Ljc1My44MzAlMjAlN0MlMjBmYXglM0ElMjAlMkI0OS42OS4yNC43NTMuODU5JTNDYnIlM0VlTWFpbCUzQSUyMHBvc3RzdGVsbGUlMjBLbGFtbWVyYWZmZSUyMGthenVuJTIwUHVua3QlMjBldSUyMCU3QyUyMHd3dy5rYXp1bi5ldSUzQ2JyJTNFJTNDYnIlM0VDb3B5cmlnaHQlM0NiciUzRURlciUyMGdlc2FtdGUlMjBJbmhhbHQlMjBkaWVzZXIlMjBXZWJzZWl0ZSUyMCUyOFRleHRlJTJDJTIwQmlsZGVyJTJDJTIwR3JhZmlrZW4lMkMlMjBBbmltYXRpb25lbiUyQyUyME11c2lrJTJDJTIwRmlsbWUlMjklMjB1bnRlcmxpZWd0JTIwZGVtJTIwVXJoZWJlcnJlY2h0JTIwdW5kJTIwYW5kZXJlbiUyMEdlc2V0emVuJTIwenVtJTIwU2NodXR6ZSUyMGdlaXN0aWdlbiUyMEVpZ2VudHVtcy4lMjBBdXNuYWhtZW4lMjB2b24lMjBkaWVzZXIlMjBHcnVuZHJlZ2VsJTIwc2luZCUyMGF1c2RyJTI2dXVtbCUzQmNrbGljaCUyMGR1cmNoJTIwZWluZW4lMjBlbnRzcHJlY2hlbmRlbiUyMEhpbndlaXMlMjBnZWtlbm56ZWljaG5ldC4lMjBFaW56ZWxuZSUyMEVsZW1lbnRlJTIwZGVyJTIwU2VpdGUlMjBkJTI2dXVtbCUzQnJmZW4lMjBudXIlMjBtaXQlMjBhdXNkciUyNnV1bWwlM0Jja2xpY2hlciUyMEVybGF1Ym5pcyUyMGRlcyUyMEF1dG9ycyUyMGYlMjZ1dW1sJTNCciUyMHByaXZhdGUlMjBvZGVyJTIwZiUyNnV1bWwlM0JyJTIwZ2VzY2glMjZhdW1sJTNCZnRsaWNoZSUyMFp3ZWNrZSUyMHZlcndlbmRldCUyQyUyMGtvcGllcnQlMjBvZGVyJTIwdmVyJTI2YXVtbCUzQm5kZXJ0JTIwd2VyZGVuLiUzQ2JyJTNFJTNDYnIlM0VEYXRlbnNjaHV0eiUzQ2JyJTNFU29mZXJuJTIwaW5uZXJoYWxiJTIwZGVzJTIwSW50ZXJuZXRhbmdlYm90ZXMlMjBkaWUlMjBNJTI2b3VtbCUzQmdsaWNoa2VpdCUyMHp1ciUyMEVpbmdhYmUlMjBwZXJzJTI2b3VtbCUzQm5saWNoZXIlMjBvZGVyJTIwZ2VzY2glMjZhdW1sJTNCZnRsaWNoZXIlMjBEYXRlbiUyMCUyOEVtYWlsYWRyZXNzZW4lMkMlMjBOYW1lbiUyQyUyMEFuc2NocmlmdGVuJTI5JTIwYmVzdGVodCUyQyUyMHNvJTIwZXJmb2xndCUyMGRpZSUyMFByZWlzZ2FiZSUyMGRpZXNlciUyMERhdGVuJTIwc2VpdGVucyUyMGRlcyUyME51dHplcnMlMjBhdWYlMjBhdXNkciUyNnV1bWwlM0Jja2xpY2glMjBmcmVpd2lsbGlnZXIlMjBCYXNpcy4lMjBEaWUlMjBOdXR6dW5nJTIwZGVyJTIwaW0lMjBSYWhtZW4lMjBkZXMlMjBJbXByZXNzdW1zJTIwb2RlciUyMHZlcmdsZWljaGJhcmVyJTIwQW5nYWJlbiUyMHZlciUyNm91bWwlM0JmZmVudGxpY2h0ZW4lMjBLb250YWt0ZGF0ZW4lMjB3aWUlMjBQb3N0YW5zY2hyaWZ0ZW4lMkMlMjBUZWxlZm9uLSUyMHVuZCUyMEZheG51bW1lcm4lMjBzb3dpZSUyMEVtYWlsYWRyZXNzZW4lMjBkdXJjaCUyMERyaXR0ZSUyMHp1ciUyMCUyNlV1bWwlM0JiZXJzZW5kdW5nJTIwdm9uJTIwbmljaHQlMjBhdXNkciUyNnV1bWwlM0Jja2xpY2glMjBhbmdlZm9yZGVydGVuJTIwSW5mb3JtYXRpb25lbiUyMGlzdCUyMG5pY2h0JTIwZ2VzdGF0dGV0LiUyMFJlY2h0bGljaGUlMjBTY2hyaXR0ZSUyMGdlZ2VuJTIwZGllJTIwVmVyc2VuZGVyJTIwdm9uJTIwc29nZW5hbm50ZW4lMjBTcGFtLU1haWxzJTIwYmVpJTIwVmVyc3QlMjZvdW1sJTNCc3NlbiUyMGdlZ2VuJTIwZGllc2VzJTIwVmVyYm90JTIwc2luZCUyMGF1c2RyJTI2dXVtbCUzQmNrbGljaCUyMHZvcmJlaGFsdGVuLiUzQ2JyJTNFJTNDYnIlM0VIYWZ0dW5nc2hpbndlaXMlM0NiciUzRVRyb3R6JTIwc29yZ2YlMjZhdW1sJTNCbHRpZ2VyJTIwaW5oYWx0bGljaGVyJTIwS29udHJvbGxlJTIwJTI2dXVtbCUzQmJlcm5laG1lJTIwaWNoJTIwa2VpbmUlMjBIYWZ0dW5nJTIwZiUyNnV1bWwlM0JyJTIwZGllJTIwSW5oYWx0ZSUyMGV4dGVybmVyJTIwTGlua3MuJTIwRiUyNnV1bWwlM0JyJTIwZGVuJTIwSW5oYWx0JTIwZGVyJTIwdmVybGlua3RlbiUyMFNlaXRlbiUyMHNpbmQlMjBhdXNzY2hsaWUlMjZzemxpZyUzQmxpY2glMjBkZXJlbiUyMEJldHJlaWJlciUyMHZlcmFudHdvcnRsaWNoLiUyMERlciUyMEF1dG9yJTIwYmVoJTI2YXVtbCUzQmx0JTIwZXMlMjBzaWNoJTIwYXVzZHIlMjZ1dW1sJTNCY2tsaWNoJTIwdm9yJTJDJTIwVGVpbGUlMjBkZXIlMjBTZWl0ZW4lMjBvZGVyJTIwZGFzJTIwZ2VzYW10ZSUyMEFuZ2Vib3QlMjBvaG5lJTIwZ2Vzb25kZXJ0ZSUyMEFuayUyNnV1bWwlM0JuZGlndW5nJTIwenUlMjB2ZXIlMjZhdW1sJTNCbmRlcm4lMkMlMjB6dSUyMGVyZyUyNmF1bWwlM0JuemVuJTJDJTIwenUlMjBsJTI2b3VtbCUzQnNjaGVuJTIwb2RlciUyMGRpZSUyMFZlciUyNm91bWwlM0JmZmVudGxpY2h1bmclMjB6ZWl0d2Vpc2UlMjBvZGVyJTIwZW5kZyUyNnV1bWwlM0JsdGlnJTIwZWluenVzdGVsbGVuLiUzQ2JyJTNFJTNDYnIlM0VSZWNodHN3aXJrc2Fta2VpdCUyMGRpZXNlcyUyMEhhZnR1bmdzYXVzc2NobHVzc2VzJTNDYnIlM0VEaWVzZXIlMjBIYWZ0dW5nc2F1c3NjaGx1c3MlMjBpc3QlMjBhbHMlMjBUZWlsJTIwZGVzJTIwSW50ZXJuZXRhbmdlYm90ZXMlMjB6dSUyMGJldHJhY2h0ZW4lMkMlMjB2b24lMjBkZW0lMjBhdXMlMjBhdWYlMjBkaWVzZSUyMFNlaXRlJTIwdmVyd2llc2VuJTIwd3VyZGUuJTIwU29mZXJuJTIwVGVpbGUlMjBvZGVyJTIwZWluemVsbmUlMjBGb3JtdWxpZXJ1bmdlbiUyMGRpZXNlcyUyMFRleHRlcyUyMGRlciUyMGdlbHRlbmRlbiUyMFJlY2h0c2xhZ2UlMjBuaWNodCUyQyUyMG5pY2h0JTIwbWVociUyMG9kZXIlMjBuaWNodCUyMHZvbGxzdCUyNmF1bWwlM0JuZGlnJTIwZW50c3ByZWNoZW4lMjBzb2xsdGVuJTJDJTIwYmxlaWJlbiUyMGRpZSUyMCUyNnV1bWwlM0JicmlnZW4lMjBUZWlsZSUyMGRlcyUyMERva3VtZW50ZXMlMjBpbiUyMGlocmVtJTIwSW5oYWx0JTIwdW5kJTIwaWhyZXIlMjBHJTI2dXVtbCUzQmx0aWdrZWl0JTIwZGF2b24lMjB1bmJlciUyNnV1bWwlM0JocnQuJTBBJTA5JTA5JTA5JTNDJTJGbmF2JTNFJTBBJTA5JTA5JTNDJTJGZGl2JTNF[\/vc_raw_html][vc_raw_js]JTNDc2NyaXB0JTIwc3JjJTNEJTIyaHR0cCUzQSUyRiUyRnd3dy5rYXp1bi5ldSUyRnRoZW1lMDE1JTJGRnVsbHNjcmVlbk92ZXJsYXlTdHlsZXMlMkZqcyUyRmNsYXNzaWUuanMlMjIlM0UlM0MlMkZzY3JpcHQlM0UlMEElMDklMDklM0NzY3JpcHQlMjBzcmMlM0QlMjJodHRwJTNBJTJGJTJGd3d3LmthenVuLmV1JTJGdGhlbWUwMTUlMkZGdWxsc2NyZWVuT3ZlcmxheVN0eWxlcyUyRmpzJTJGZGVtbzEuanMlMjIlM0UlM0MlMkZzY3JpcHQlM0U=[\/vc_raw_js][\/vc_column][vc_column width=&#8221;1\/3&#8243;][\/vc_column][\/vc_row][vc_row textalign=&#8221;center&#8221; bg_color=&#8221;#282a2b&#8221;][vc_column width=&#8221;1\/6&#8243;][\/vc_column][vc_column width=&#8221;2\/3&#8243;][vc_toggle title=&#8221;\u00a9 artur.kazun 2003-2022. All Rights Reserved. Impressum&#8221; style=&#8221;text_only&#8221; el_id=&#8221;1433679116997-ba157648-6549&#8243; el_class=&#8221;impressum&#8221;]<\/p>\n<p style=\"text-align: left;\">Artur Kazun | Senckenberganlage 31 | 60325 Frankfurt<br \/>\nfon: +49.69.24.753.830 | fax: +49.69.24.753.859<br \/>\neMail: poststelle Klammeraffe kazun Punkt eu | www.kazun.eu<\/p>\n<p style=\"text-align: left;\">Copyright<br \/>\nDer gesamte Inhalt dieser Webseite (Texte, Bilder, Grafiken, Animationen, Musik, Filme) unterliegt dem Urheberrecht und anderen Gesetzen zum Schutze geistigen Eigentums. Ausnahmen von dieser Grundregel sind ausdr\u00fccklich durch einen entsprechenden Hinweis gekennzeichnet. Einzelne Elemente der Seite d\u00fcrfen nur mit ausdr\u00fccklicher Erlaubnis des Autors f\u00fcr private oder f\u00fcr gesch\u00e4ftliche Zwecke verwendet, kopiert oder ver\u00e4ndert werden.<\/p>\n<p style=\"text-align: left;\">Datenschutz<br \/>\nSofern innerhalb des Internetangebotes die M\u00f6glichkeit zur Eingabe pers\u00f6nlicher oder gesch\u00e4ftlicher Daten (Emailadressen, Namen, Anschriften) besteht, so erfolgt die Preisgabe dieser Daten seitens des Nutzers auf ausdr\u00fccklich freiwilliger Basis. Die Nutzung der im Rahmen des Impressums oder vergleichbarer Angaben ver\u00f6ffentlichten Kontaktdaten wie Postanschriften, Telefon- und Faxnummern sowie Emailadressen durch Dritte zur \u00dcbersendung von nicht ausdr\u00fccklich angeforderten Informationen ist nicht gestattet. Rechtliche Schritte gegen die Versender von sogenannten Spam-Mails bei Verst\u00f6ssen gegen dieses Verbot sind ausdr\u00fccklich vorbehalten.<\/p>\n<p style=\"text-align: left;\">Datenschutzerkl\u00e4rung f\u00fcr den Webanalysedienst Google Analytics<br \/>\nDiese Website benutzt Google Analytics, einen Webanalysedienst der Google Inc. (&#8220;Google&#8221;). Google Analytics verwendet sog. &#8220;Cookies&#8221;, Textdateien, die auf Ihrem Computer gespeichert werden und die eine Analyse der Benutzung der Website durch Sie erm\u00f6glichen. Die durch den Cookie erzeugten Informationen \u00fcber Ihre Benutzung dieser Website werden in der Regel an einen Server von Google in den USA \u00fcbertragen und dort gespeichert. Wir haben die IP-Anonymisierung aktiviert. Auf dieser Webseite wird Ihre IP-Adresse von Google daher innerhalb von Mitgliedstaaten der Europ\u00e4ischen Union oder in anderen Vertragsstaaten des Abkommens \u00fcber den Europ\u00e4ischen Wirtschaftsraum zuvor gek\u00fcrzt. Nur in Ausnahmef\u00e4llen wird die volle IP-Adresse an einen Server von Google in den USA \u00fcbertragen und dort gek\u00fcrzt. Im Auftrag des Betreibers dieser Website wird Google diese Informationen benutzen, um Ihre Nutzung der Website auszuwerten, um Reports \u00fcber die Websiteaktivit\u00e4ten zusammenzustellen und um weitere mit der Websitenutzung und der Internetnutzung verbundene Dienstleistungen gegen\u00fcber dem Websitebetreiber zu erbringen. Die im Rahmen von Google Analytics von Ihrem Browser \u00fcbermittelte IP-Adresse wird nicht mit anderen Daten von Google zusammengef\u00fchrt. Sie k\u00f6nnen die Speicherung der Cookies durch eine entsprechende Einstellung Ihrer Browser-Software verhindern; wir weisen Sie jedoch darauf hin, dass Sie in diesem Fall gegebenenfalls nicht s\u00e4mtliche Funktionen dieser Website vollumf\u00e4nglich werden nutzen k\u00f6nnen. Sie k\u00f6nnen dar\u00fcber hinaus die Erfassung der durch das Cookie erzeugten und auf Ihre Nutzung der Website bezogenen Daten (inkl. Ihrer IP-Adresse) an Google sowie die Verarbeitung dieser Daten durch Google verhindern, indem sie das unter dem folgenden Link verf\u00fcgbare Browser-Plugin herunterladen und installieren: <a title=\"\" href=\"https:\/\/tools.google.com\/dlpage\/gaoptout?hl=de\" rel=\"nofollow\" data-original-title=\"\">https:\/\/tools.google.com\/dlpage\/gaoptout?hl=de<\/a><\/p>\n<p style=\"text-align: left;\">Haftungshinweis<br \/>\nTrotz sorgf\u00e4ltiger inhaltlicher Kontrolle \u00fcbernehme ich keine Haftung f\u00fcr die Inhalte externer Links. F\u00fcr den Inhalt der verlinkten Seiten sind ausschlie\u00dflich deren Betreiber verantwortlich. Der Autor beh\u00e4lt es sich ausdr\u00fccklich vor, Teile der Seiten oder das gesamte Angebot ohne gesonderte Ank\u00fcndigung zu ver\u00e4ndern, zu erg\u00e4nzen, zu l\u00f6schen oder die Ver\u00f6ffentlichung zeitweise oder endg\u00fcltig einzustellen.<\/p>\n<p style=\"text-align: left;\">Rechtswirksamkeit dieses Haftungsausschlusses<br \/>\nDieser Haftungsausschluss ist als Teil des Internetangebotes zu betrachten, von dem aus auf diese Seite verwiesen wurde. Sofern Teile oder einzelne Formulierungen dieses Textes der geltenden Rechtslage nicht, nicht mehr oder nicht vollst\u00e4ndig entsprechen sollten, bleiben die \u00fcbrigen Teile des Dokumentes in ihrem Inhalt und ihrer G\u00fcltigkeit davon unber\u00fchrt.<\/p>\n<p>[\/vc_toggle][\/vc_column][vc_column width=&#8221;1\/6&#8243;][\/vc_column][\/vc_row]<\/p>\n\n","protected":false},"excerpt":{"rendered":"<p>[vc_row full_content_width=&#8221;row-inner-full&#8221; top=&#8221;0px&#8221; bottom=&#8221;0px&#8221;][vc_column][rev_slider_vc alias=&#8221;full_width&#8221;][\/vc_column][\/vc_row][vc_row full_content_width=&#8221;row-inner-full&#8221; bg_cover=&#8221;cover&#8221; bg_repeat=&#8221;no-repeat&#8221; bg_attachment=&#8221;fixed&#8221; top=&#8221;0px&#8221; bottom=&#8221;0px&#8221; row_show_on=&#8221;hide_on_normal_screen,hide_tablet_landscape,hide_tablet_portrait,hide_mobile_landscape,hide_mobile_portrait&#8221; bg_image=&#8221;8012&#8243;][vc_column width=&#8221;1\/2&#8243;][vc_spacer size=&#8221;750px&#8221;][\/vc_column][vc_column width=&#8221;1\/2&#8243;][vc_spacer size=&#8221;100px&#8221;][vc_custom_heading text=&#8221;concept, 3D, vfx, compositing, animation, eLearning, software training&#8221; font_container=&#8221;tag:h2|font_size:48|text_align:left|color:%23e0e0e0&#8243; google_fonts=&#8221;font_family:Roboto%3A100%2C100italic%2C300%2C300italic%2Cregular%2Citalic%2C500%2C500italic%2C700%2C700italic%2C900%2C900italic|font_style:100%20light%20regular%3A100%3Anormal&#8221; css=&#8221;.vc_custom_1593807331907{margin-top: 350px !important;margin-right: 45px !important;margin-bottom: 25px !important;padding-top: 25px !important;padding-right: 25px !important;padding-bottom: 25px !important;padding-left: 25px !important;background-color: rgba(0,0,0,0.42) !important;*background-color: rgb(0,0,0) !important;}&#8221;][\/vc_column][\/vc_row][vc_row full_content_width=&#8221;row-inner-full&#8221; top=&#8221;0px&#8221; bottom=&#8221;0px&#8221;][vc_column css=&#8221;.vc_custom_1433247714973{background-color: rgba(0,0,0,0.65) !important;*background-color: rgb(0,0,0) !important;}&#8221;][vc_section_menu bg_color_sticked=&#8221;rgba(30,30,30,0.95)&#8221; [&hellip;]<\/p>\n","protected":false},"author":1,"featured_media":0,"parent":0,"menu_order":0,"comment_status":"open","ping_status":"open","template":"page-full-width.php","meta":[],"_links":{"self":[{"href":"https:\/\/www.kazun.eu\/theme015\/wp-json\/wp\/v2\/pages\/213"}],"collection":[{"href":"https:\/\/www.kazun.eu\/theme015\/wp-json\/wp\/v2\/pages"}],"about":[{"href":"https:\/\/www.kazun.eu\/theme015\/wp-json\/wp\/v2\/types\/page"}],"author":[{"embeddable":true,"href":"https:\/\/www.kazun.eu\/theme015\/wp-json\/wp\/v2\/users\/1"}],"replies":[{"embeddable":true,"href":"https:\/\/www.kazun.eu\/theme015\/wp-json\/wp\/v2\/comments?post=213"}],"version-history":[{"count":248,"href":"https:\/\/www.kazun.eu\/theme015\/wp-json\/wp\/v2\/pages\/213\/revisions"}],"predecessor-version":[{"id":9312,"href":"https:\/\/www.kazun.eu\/theme015\/wp-json\/wp\/v2\/pages\/213\/revisions\/9312"}],"wp:attachment":[{"href":"https:\/\/www.kazun.eu\/theme015\/wp-json\/wp\/v2\/media?parent=213"}],"curies":[{"name":"wp","href":"https:\/\/api.w.org\/{rel}","templated":true}]}}